{"id":272,"date":"2017-07-19T09:57:02","date_gmt":"2017-07-19T08:57:02","guid":{"rendered":"http:\/\/passiontea.club\/?page_id=272\/"},"modified":"2017-12-14T14:58:26","modified_gmt":"2017-12-14T13:58:26","slug":"informacio-legal","status":"publish","type":"page","link":"https:\/\/passiontea.club\/es\/informacio-legal\/","title":{"rendered":"Informaci\u00f3n legal"},"content":{"rendered":"<h1>Pol\u00edtica de privacidad<\/h1>\n<h3>Protecci\u00f3n de datos<\/h3>\n<p>En cumplimiento de lo establecido en la Ley Org\u00e1nica 15\/1999, de 13 de diciembre, de Protecci\u00f3n de Datos de Car\u00e1cter Personal ( LOPD ), mediante este aviso, CAF\u00c8S CORNELL\u00c0 informa al usuario ( \u00abUsuario\u00bb ) de los datos personales que le solicita , con el fin de que los Usuarios determinen libre y voluntariamente si desean facilitar a CAF\u00c9S CORNELL\u00c0 los datos personales (en adelante \u00bb datos personales\u00bb ) que se les puedan requerir o que se puedan obtener de los Usuarios en ocasi\u00f3n de la solicitud de inscripci\u00f3n o de informaci\u00f3n en la p\u00e1gina web explotada por CAF\u00c8S CORNELL\u00c0 alojada en la URL www.cafescornella.es o los servicios que se puedan contratar a trav\u00e9s de este portal.<\/p>\n<p>Los Datos Personales recogidos ser\u00e1n objeto de tratamiento automatizado e incorporados a los correspondientes ficheros para CAF\u00c8S CORNELL\u00c0 e inscritos en la Agencia Espa\u00f1ola de Protecci\u00f3n de Datos , siendo CAF\u00c8S CORNELL\u00c0 titular y responsable de dicho fichero (en adelante, el \u00abFichero \u00bb ) . Los datos facilitados pueden ser utilitzadess para poder informarles de nuestros productos, novedades y \/ o promociones. Con este objeto, CAF\u00c8S CORNELL\u00c0 proporcionar\u00e1 a los Usuarios los recursos t\u00e9cnicos adecuados para que, con car\u00e1cter previo, puedan acceder a este aviso sobre la Pol\u00edtica de Protecci\u00f3n de Datos o a cualquier otra informaci\u00f3n relevante y puedan prestar su consentimiento a fin de que CAF\u00c8S CORNELL\u00c0 proceda al tratamiento de su Datos Personales .<\/p>\n<p>El usuario puede solicitar en cualquier momento el acceso a sus datos personales, as\u00ed como a su rectificaci\u00f3n, oposici\u00f3n y cancelaci\u00f3n, para ello deber\u00e1 dirigirse a CAF\u00c8S CORNELL\u00c0: por correo ordinario a: c\/ Llevant 4-6 17458 Fornells de la Selva (Girona) o por e- mail a: cafescornella@cafescornella.es<\/p>\n<p><strong>Autorizaci\u00f3n para enlazar con cafescornella.com<\/strong><\/p>\n<p>Queda autorizado el establecimiento de enlaces hacia cualquier apartado de esta p\u00e1gina web siempre que quede visible, en la barra de direcciones del explorador, la direcci\u00f3n real a la cual se accede. Los enlaces podr\u00e1n efectuarse utilizando la direcci\u00f3n, el nombre de la empresa o\/y otras palabras clave.<\/p>\n<h1>Terminos y condiciones<\/h1>\n<p>De acuerdo con el art\u00edculo 10 de la Ley 34\/2002, de 11 de julio, de Servicios de la Sociedad de la Informaci\u00f3n y Comercio Electr\u00f3nico, PERE CORNELL\u00c0. S.A.U. (Caf\u00e8s Cornell\u00e0). con domicilio en calle Llevant, 4-6 17458 de Fornells de la Selva, tel. 972 476 300 Fax. 972 476 617 y correo electr\u00f3nico: cafescornella@cafescornella.es, con NIF A-17008061 e inscrita en el Registro Mercantil de Girona 4-1-1965, tomo 75L. 15S.3\u00aa Folio 118 inscripci\u00f3n: 1\u00aa \u00a0le informa de:<\/p>\n<p>Derechos de propiedad intelectual e industrial<\/p>\n<p>La totalidad del contenido de esta p\u00e1gina web, los logotipos, textos, u otros elementos, as\u00ed como su estructura, dise\u00f1o, combinaciones de colores o forma de presentaci\u00f3n de los contenidos, est\u00e1 afectado por derechos de propiedad intelectual e industrial de titularidad de Caf\u00e8s Cornell\u00e0 o de terceras personas con quienes Caf\u00e8s Cornell\u00e0 ha convenido su uso. Estos derechos deben ser respetados por los usuarios de la p\u00e1gina web. Caf\u00e8s Cornell\u00e0 difunde toda esta informaci\u00f3n a trav\u00e9s de la p\u00e1gina web con el fin de hacer publicidad de sus productos y actividades. Caf\u00e8s Cornell\u00e0 advierte que todos estos elementos y referencias \u00fanicamente pueden ser utilizados con esta finalidad y citando siempre su procedencia y referencias de identificaci\u00f3n. No es l\u00edcita su transformaci\u00f3n o alteraci\u00f3n, ni tampoco la comunicaci\u00f3n p\u00fablica o cualquier otra forma de explotaci\u00f3n por cualquier t\u00e9cnica o procedimiento sin autorizaci\u00f3n expresa de Caf\u00e8s Cornell\u00e0.<\/p>\n<p>Responsabilidad sobre los contenidos<\/p>\n<p>El usuario de esta p\u00e1gina web accede a la misma por cuenta e iniciativa propia. Caf\u00e8s Cornell\u00e0 no se responsabiliza de los errores u omisiones que puedan afectar sus contenidos. Las referencias que se presentan en rpccomercial.com tienen una funci\u00f3n exclusivamente informativa y no obligan al titular de la p\u00e1gina web hasta la confirmaci\u00f3n de la aceptaci\u00f3n de un contrato. Caf\u00e8s Cornell\u00e0 no podr\u00e1 ser considerada responsable de ning\u00fan da\u00f1o que se derive de la utilizaci\u00f3n de esta p\u00e1gina web, ni de ninguna acci\u00f3n realizada en base a la informaci\u00f3n que en ella se facilita.<\/p>\n<p>Caf\u00e8s Cornell\u00e0 declina cualquier responsabilidad con respecto a la informaci\u00f3n de cualquier tipo contenida en otras p\u00e1ginas web a las que se pueda acceder mediante enlaces desde esta p\u00e1gina web. La funci\u00f3n de los enlaces introducidos en la p\u00e1gina web es la de informar sobre la existencia de otras fuentes de informaci\u00f3n sobre el tema tratado en la p\u00e1gina de origen y no supone ninguna sugerencia o invitaci\u00f3n al usuario a visitar las p\u00e1ginas web de destino. Caf\u00e8s Cornell\u00e0 no es responsable del resultado obtenido a trav\u00e9s de estos enlaces que no son controlados ni verificados por Caf\u00e8s Cornell\u00e0.<\/p>\n<h1>Pol\u00edtica de Cookies<\/h1>\n<p class=\"p4\"><b>Declaraci\u00f3n sobre el uso de cookies:<\/b><\/p>\n<p class=\"p4\">Las Cookies son archivos de texto ubicados en el navegador o disco duro de su ordenador (o dispositivo similar) por los sitios web que usted visita. Las cookies permiten a una p\u00e1gina web, entre otras cosas, almacenar y recuperar informaci\u00f3n sobre los h\u00e1bitos de navegaci\u00f3n de un usuario o de su equipo y, dependiendo de la informaci\u00f3n que contengan y de la forma en que utilice su equipo, pueden utilizarse para reconocer al usuario. La informaci\u00f3n recogida por las cookies nos ayuda a mejorar la navegaci\u00f3n en nuestra web y a ofrecer una experiencia m\u00e1s personalizada. En concreto, nos permiten:<\/p>\n<ol class=\"ol1\">\n<li class=\"li4\">Almacenar informaci\u00f3n acerca de las preferencias e intereses de los usuarios y personalizar la web seg\u00fan esta informaci\u00f3n recogida;<\/li>\n<li class=\"li5\">Dar mejor servicio al usuario sin almacenar en ning\u00fan caso datos personales que permitan identificarlo;<\/li>\n<li class=\"li5\">Reconocer al ordenador cuando el usuario regresa de nuevo a nuestra web;<\/li>\n<li class=\"li5\">Recoger datos estad\u00edsticos derivados del tr\u00e1fico y la interacci\u00f3n de los usuarios en nuestra web para identificar tendencias y comportamientos.<\/li>\n<\/ol>\n<p class=\"p4\"><b>\u00bfQu\u00e9 tipos de cookies utiliza esta p\u00e1gina web?:<\/b><\/p>\n<p class=\"p4\">&#8211; Cookies t\u00e9cnicas: Son aqu\u00e9llas que permiten al usuario la navegaci\u00f3n a trav\u00e9s de una p\u00e1gina web, plataforma o aplicaci\u00f3n y la utilizaci\u00f3n de las diferentes opciones o servicios que en ella existan como, por ejemplo, controlar el tr\u00e1fico y la comunicaci\u00f3n de datos, identificar la sesi\u00f3n, acceder a partes de acceso restringido, recordar los elementos que integran un pedido, realizar el proceso de compra de un pedido, realizar la solicitud de inscripci\u00f3n o participaci\u00f3n en un evento, utilizar elementos de seguridad durante la navegaci\u00f3n, almacenar contenidos para la difusi\u00f3n de videos o sonido o compartir contenidos a trav\u00e9s de redes sociales.<\/p>\n<p class=\"p4\">&#8211; Cookies de personalizaci\u00f3n: Son aqu\u00e9llas que permiten al usuario acceder al servicio con algunas caracter\u00edsticas de car\u00e1cter general predefinidas en funci\u00f3n de una serie de criterios en el terminal del usuario como por ejemplo serian el idioma, el tipo de navegador a trav\u00e9s del cual accede al servicio, la configuraci\u00f3n regional desde donde accede al servicio, etc.<\/p>\n<p class=\"p4\">&#8211; Cookies de an\u00e1lisis: Son aqu\u00e9llas que bien tratadas por nosotros o por terceros, nos permiten cuantificar el n\u00famero de usuarios y as\u00ed realizar la medici\u00f3n y an\u00e1lisis estad\u00edstico de la utilizaci\u00f3n que hacen los usuarios del servicio ofertado. Para ello se analiza su navegaci\u00f3n en nuestra p\u00e1gina web con el fin de mejorar la oferta de productos o servicios que le ofrecemos.<\/p>\n<p class=\"p4\"><b>Cookies de terceros:<\/b><\/p>\n<p class=\"p4\">Esta web utiliza cookies de terceros:<\/p>\n<p class=\"p4\">&#8211; Google Analytics: Se utiliza para recopilar informaci\u00f3n de navegaci\u00f3n y comportamiento del usuario, as\u00ed como para ofrecer estad\u00edsticas de uso de los sitios web sin identificar personalmente al usuario.<\/p>\n<p class=\"p4\">&#8211; Wistia: Se utiliza por nuestro visor de videos para recordar en qu\u00e9 momento del v\u00eddeo estaba el usuario una vez se ha iniciado la reproducci\u00f3n del mismo y \u00e9sta se interrumpe (por ejemplo, por haber perdido la conexi\u00f3n a internet). As\u00ed el video puede volver al momento justo en que se haya producido el corte.<\/p>\n<p class=\"p4\"><b>El Usuario acepta expresamente, por la utilizaci\u00f3n de esta web,\u00a0el tratamiento de la informaci\u00f3n\u00a0recabada en la forma y con los fines anteriormente mencionados:<\/b><\/p>\n<p class=\"p4\">El usuario tiene la posibilidad de rechazar el tratamiento de\u00a0tales datos o informaci\u00f3n\u00a0inhabilitando las Cookies mediante la selecci\u00f3n de la configuraci\u00f3n apropiada a tal fin en su navegador. Si bien esta opci\u00f3n de bloqueo de Cookies en su navegador puede no permitirle el uso pleno de todas las funcionalidades del Website.<\/p>\n<p class=\"p4\">Puede usted permitir, bloquear o eliminar las cookies instaladas en su equipo mediante la configuraci\u00f3n de las opciones del navegador instalado en su ordenador:<\/p>\n<p class=\"p6\"><a href=\"http:\/\/support.google.com\/chrome\/bin\/answer.py?hl=es&amp;answer=95647\">Chrome<\/a><\/p>\n<p class=\"p6\"><a href=\"http:\/\/windows.microsoft.com\/en-US\/internet-explorer\/delete-manage-cookies#ie=ie-11\">Explorer<\/a><\/p>\n<p class=\"p6\"><a href=\"https:\/\/support.mozilla.org\/en-US\/kb\/enable-and-disable-cookies-website-preferences\">Firefox<\/a><\/p>\n<p class=\"p6\"><a href=\"https:\/\/support.apple.com\/kb\/PH21411\">Safari<\/a><\/p>\n<p class=\"p4\">Si tiene dudas sobre esta pol\u00edtica de cookies, puede contactar con nosotros en el siguiente email: cafescornella@cafescornella.es<\/p>\n","protected":false},"excerpt":{"rendered":"<p>Pol\u00edtica de privacidad Protecci\u00f3n de datos En cumplimiento de lo establecido en la Ley Org\u00e1nica 15\/1999, de 13 de diciembre, de Protecci\u00f3n de Datos de Car\u00e1cter Personal ( LOPD ), mediante este aviso, CAF\u00c8S CORNELL\u00c0 informa al usuario ( \u00abUsuario\u00bb ) de los datos personales que le solicita , con el fin de que los [&hellip;]<\/p>\n","protected":false},"author":1,"featured_media":0,"parent":0,"menu_order":0,"comment_status":"closed","ping_status":"closed","template":"","meta":{"_acf_changed":false,"om_disable_all_campaigns":false,"_monsterinsights_skip_tracking":false,"_monsterinsights_sitenote_active":false,"_monsterinsights_sitenote_note":"","_monsterinsights_sitenote_category":0,"_uf_show_specific_survey":0,"_uf_disable_surveys":false,"footnotes":""},"class_list":["post-272","page","type-page","status-publish","hentry"],"acf":[],"_links":{"self":[{"href":"https:\/\/passiontea.club\/es\/wp-json\/wp\/v2\/pages\/272"}],"collection":[{"href":"https:\/\/passiontea.club\/es\/wp-json\/wp\/v2\/pages"}],"about":[{"href":"https:\/\/passiontea.club\/es\/wp-json\/wp\/v2\/types\/page"}],"author":[{"embeddable":true,"href":"https:\/\/passiontea.club\/es\/wp-json\/wp\/v2\/users\/1"}],"replies":[{"embeddable":true,"href":"https:\/\/passiontea.club\/es\/wp-json\/wp\/v2\/comments?post=272"}],"version-history":[{"count":5,"href":"https:\/\/passiontea.club\/es\/wp-json\/wp\/v2\/pages\/272\/revisions"}],"predecessor-version":[{"id":544,"href":"https:\/\/passiontea.club\/es\/wp-json\/wp\/v2\/pages\/272\/revisions\/544"}],"wp:attachment":[{"href":"https:\/\/passiontea.club\/es\/wp-json\/wp\/v2\/media?parent=272"}],"curies":[{"name":"wp","href":"https:\/\/api.w.org\/{rel}","templated":true}]}}