{"id":390,"date":"2017-07-20T08:42:40","date_gmt":"2017-07-20T07:42:40","guid":{"rendered":"http:\/\/passiontea.club\/?page_id=390\/"},"modified":"2017-12-14T14:54:40","modified_gmt":"2017-12-14T13:54:40","slug":"informacio-legal","status":"publish","type":"page","link":"https:\/\/passiontea.club\/fr\/informacio-legal\/","title":{"rendered":"Mentions l\u00e9gales"},"content":{"rendered":"<p><strong>Protection des donn\u00e9s<\/strong><\/p>\n<p>En conformit\u00e9 avec la loi organique 15\/1999 du 13 D\u00e9cembre sur la protection des donn\u00e9es \u00e0 caract\u00e8re personnel ( LOPD ), par le pr\u00e9sent avis, CAF\u00c8S CORNELL\u00c0 informe l&rsquo;utilisateur (\u00ab\u00a0Utilisateur\u00a0\u00bb) des renseignements personnels que vous avez demand\u00e9, de sorte que les utilisateurs peuvent librement et volontairement s&rsquo;ils souhaitent fournir CAF\u00c8S CORNELL\u00c0 donn\u00e9es personnelles (ci-apr\u00e8s \u00ab\u00a0donn\u00e9es personnelles\u00a0\u00bb) qui peuvent \u00eatre n\u00e9cessaires ou \u00eatre obtenus par les utilisateurs au moment de la demande d&rsquo;enregistrement ou informations sur le site exploit\u00e9 par les CAF\u00c8S CORNELL\u00c0 log\u00e9 dans les www.cafescornella.es ou services URL qui peuvent \u00eatre contract\u00e9es par ce portail.<\/p>\n<p>Les donn\u00e9es personnelles recueillies seront trait\u00e9es automatiquement et incorpor\u00e9 dans les fichiers correspondants pour les caf\u00e9s CORNELL\u00c0 et inscrit \u00e0 l&rsquo;Agence espagnole de protection des donn\u00e9es , CAF\u00c8S CORNELL\u00c0 \u00eatre propri\u00e9taire et responsable du dossier (ci-apr\u00e8s , le \u00ab\u00a0Fichier\u00a0\u00bb). Les donn\u00e9es fournies peuvent \u00eatre utilitzadess d&rsquo;informer nos produits, nouvelles et \/ ou des promotions. A cet effet, caf\u00e9s CORNELL\u00c0 fournir aux utilisateurs des moyens techniques ad\u00e9quats pour que, avant , peut acc\u00e9der \u00e0 cet avis sur la politique de confidentialit\u00e9 ou toute autre information pertinente et de donner leur consentement pour que appropri\u00e9e CAF\u00c8S CORNELL\u00c0 le traitement de vos donn\u00e9es personnelles.<\/p>\n<p>L&rsquo;utilisateur peut \u00e0 tout moment l&rsquo;acc\u00e8s de demande \u00e0 leurs donn\u00e9es personnelles et leur rectification, annulation et opposition, car il doit aller dans les CAF\u00c8S CORNELL\u00c0: par courrier \u00e0: c \/ Llevant 4-6 17458 Fornells de la Selva (G\u00e9rone) ou par e- mail: cafescornella@cafescornella.es<\/p>\n<p><strong>Autorisation de cr\u00e9er des liens \u00e0 cafescornella.fr<\/strong><\/p>\n<p>Cr\u00e9er des liens \u00e0 ce site web est autoris\u00e9 \u00e0 condition que l&rsquo;adresse r\u00e9elle d&rsquo;acc\u00e8s soit pr\u00e9sente dans la barre d&rsquo;adresses de l&rsquo;explorateur. Le lien peut \u00eatre mis en \u0153uvre moyennant l&rsquo;adresse, le nom de l&rsquo;entreprise ou d&rsquo;autres mot-cl\u00e9s.<\/p>\n<p><strong>Limites et conditions<\/strong><\/p>\n<p>Conform\u00e9ment \u00e0 l&rsquo;article 10 de la loi 34\/2002 du 11 Juillet, Services soci\u00e9t\u00e9 de l&rsquo;information et le commerce \u00e9lectronique, PERE CORNELL\u00c0. S.A.U. (Caf\u00e9s Cornella). avec domilcio dans la rue Llevant, 4-6 17458 Fornells de la Selva, t\u00e9l. 972 476 300 Fax. 972 476 617 et e-mail: cafescornella@cafescornella.es, NIF A-17008061 et immatricul\u00e9e au Registre du Commerce de Girona 01\/04\/1965, vous prenez 75L. Deuxi\u00e8me Folio 118 15S.3 inscription: 1er \u00a0le informe:<\/p>\n<p><strong>Droits de propri\u00e9t\u00e9 intellectuelle et industrielle<\/strong><\/p>\n<p>Tout le contenu de ce site web, le logo, les textes, les photographies, les dessins, les r\u00e9f\u00e9rences de produits ou des autres \u00e9l\u00e9ments, de m\u00eame que la structure du site web, le dessin, les combinaisons des couleurs ou la fa\u00e7on dans laquelle les contenus sont pr\u00e9sent\u00e9s, est frapp\u00e9 par les droits de propri\u00e9t\u00e9 intellectuelle et industrielle qui sont propri\u00e9t\u00e9 de Caf\u00e8s Cornell\u00e0, ou bien de tierces personnes avec lesquelles Caf\u00e8s Cornell\u00e0 a d\u00e9j\u00e0 convenu son usage. Ces droits doivent \u00eatre respect\u00e9s par les internautes du site web. Caf\u00e8s Cornell\u00e0 diffuse cette information moyennant son site web dans le but de faire de la publicit\u00e9 de ses produits et activit\u00e9s. Caf\u00e8s Cornell\u00e0 constate que tous ces \u00e9l\u00e9ments et r\u00e9f\u00e9rences peuvent \u00eatre utilis\u00e9s uniquement pour ce but et en citant la provenance et les r\u00e9f\u00e9rences d&rsquo;identification. La transformation ou alt\u00e9ration n&rsquo;est pas licite, non plus la communication publique ni aucune autre fa\u00e7on d&rsquo;exploitation par quelque technique ou proc\u00e9dure sans une autorisation expresse de Caf\u00e8s Cornell\u00e0.<\/p>\n<p><strong>Responsabilit\u00e9 sur les contenus<\/strong> L&rsquo;internaute de ce site web y acc\u00e8de par son compte propre. Caf\u00e8s Cornell\u00e0 n&rsquo;est pas responsable des erreurs ou omissions qui peuvent affecter ses contenus. Les r\u00e9f\u00e9rences pr\u00e9sent\u00e9es dans rpccomercial.com ont une fonction exclusivement informative et n&rsquo;obligent pas au titulaire du site web jusqu&rsquo;\u00e0 ce qu&rsquo;il confirme l&rsquo;acceptation d&rsquo;un contrat. Caf\u00e8s Cornell\u00e0 ne peut pas \u00eatre consid\u00e9r\u00e9 responsable d&rsquo;aucun mal d\u00e9riv\u00e9 de l&rsquo;usage de ce site web, ni d&rsquo;aucune autre action r\u00e9alis\u00e9e sur la base de l&rsquo;information qui peut s&rsquo;y trouver.<\/p>\n<p>Caf\u00e8s Cornell\u00e0 se d\u00e9gage de toute responsabilit\u00e9 au sujet de l&rsquo;information contenue dans d&rsquo;autres sites web auxquels il est possible d&rsquo;acc\u00e9der moyennant des liens \u00e0 partir de ce site web. La fonction des liens qui se trouvent dans ce site web est d&rsquo;informer de l&rsquo;existence d&rsquo;autres sources d&rsquo;information sur le sujet principal du site d&rsquo;origine, et non de sugg\u00e9rer ou inviter l&rsquo;internaute \u00e0 visiter les sites web du destinataire. Caf\u00e8s Cornell\u00e0 n&rsquo;est pas responsable des r\u00e9sultats obtenus au travers de ces liens, lesquels ne sont pas contr\u00f4l\u00e9s ni v\u00e9rifi\u00e9s par Caf\u00e8s Cornell\u00e0.<\/p>\n<p class=\"p1\"><b>Politique des cookies<\/b><\/p>\n<p class=\"p3\"><b>D\u00e9claration relative \u00e0 l\u2019utilisation des cookies :<\/b><\/p>\n<p class=\"p3\">Les cookies sont des fichiers texte que les sites Internet que vous consultez placent dans le navigateur ou sur le disque dur de votre ordinateur (ou appareil similaire). Les cookies autorisent notamment un site \u00e0 stocker et \u00e0 r\u00e9cup\u00e9rer les informations concernant les habitudes de navigation d\u2019un usager ou de son appareil et, selon les informations contenues et vos habitudes d\u2019utilisation de votre appareil, \u00e0 les utiliser pour reconna\u00eetre l\u2019usager. Les informations recueillies par les cookies nous aident \u00e0 am\u00e9liorer la navigation sur notre site Internet et \u00e0 offrir une exp\u00e9rience davantage personnalis\u00e9e. Ils nous permettent en particulier :<\/p>\n<ol class=\"ol1\">\n<li class=\"li3\">De stocker des informations concernant les pr\u00e9f\u00e9rences et int\u00e9r\u00eats des usagers et de personnaliser le site en fonction des informations recueillies ;<\/li>\n<li class=\"li4\">D\u2019offrir un meilleur service \u00e0 l\u2019usager sans stocker aucun type de donn\u00e9es personnelles permettant de l\u2019identifier ;<\/li>\n<li class=\"li4\">De reconna\u00eetre l\u2019ordinateur lorsque l\u2019usager consulte de nouveau notre site internet ;<\/li>\n<li class=\"li4\">De recueillir des donn\u00e9es statistiques d\u00e9riv\u00e9es du trafic et de l\u2019interaction des usagers avec notre site Internet afin d\u2019identifier des tendances et des comportements.<\/li>\n<\/ol>\n<p class=\"p3\"><b>Quels types de cookies ce site utilise-t-il ? :<\/b><\/p>\n<p class=\"p3\">&#8211; Cookies techniques : cookies permettant \u00e0 l\u2019usager de naviguer sur un site Internet, une plate-forme ou une application, et d\u2019utiliser les diff\u00e9rentes options ou services existants, comme, par exemple, le contr\u00f4le du trafic et de la communication de donn\u00e9es, la reconnaissance du compte utilisateur, l\u2019acc\u00e8s \u00e0 des sections d\u2019acc\u00e8s restreint, l\u2019enregistrement des \u00e9l\u00e9ments int\u00e9gr\u00e9s dans une commande, la r\u00e9alisation du processus d\u2019achat d\u2019une commande, la r\u00e9alisation d\u2019une demande d\u2019inscription ou de participation \u00e0 un \u00e9v\u00e9nement, l\u2019utilisation d\u2019\u00e9l\u00e9ments de s\u00e9curit\u00e9 au cours de la navigation, le stockage de contenus pour la diffusion de vid\u00e9os ou d\u2019extraits sonores ou le partage de contenus sur les r\u00e9seaux sociaux.<\/p>\n<p class=\"p3\">&#8211; Cookies de personnalisation : cookies permettant \u00e0 l\u2019usager d\u2019acc\u00e9der au service et poss\u00e9dant certaines caract\u00e9ristiques g\u00e9n\u00e9rales pr\u00e9d\u00e9finies en fonction de diff\u00e9rents crit\u00e8res sur le terminal de l\u2019usager, comme, par exemple, la langue, le type de navigateur depuis lequel l\u2019usager acc\u00e8de au service, la configuration r\u00e9gionale depuis laquelle il acc\u00e8de au service, etc.<\/p>\n<p class=\"p3\">&#8211; Cookies d\u2019analyse : cookies qui, trait\u00e9s par nos soins ou par des tiers, nous permettent de quantifier le nombre d\u2019usagers pour ainsi mesurer et analyser statistiquement l\u2019utilisation que font les usagers du service offert. Pour ce faire, votre navigation sur notre site Internet est analys\u00e9e dans le but d\u2019am\u00e9liorer l\u2019offre de produits et services que nous vous offrons.<\/p>\n<p class=\"p3\"><b>Cookies externes :<\/b><\/p>\n<p class=\"p3\">Ce site Internet utilise des cookies externes :<\/p>\n<p class=\"p3\">&#8211; Google Analytics: service utilis\u00e9 pour recueillir des informations concernant la navigation et le comportement de l\u2019usager, ainsi que pour offrir des statistiques d\u2019utilisation des sites Internet sans identifier personnellement l\u2019usager.<\/p>\n<p class=\"p3\">&#8211; Wistia: service utilis\u00e9 par notre lecteur de vid\u00e9os pour m\u00e9moriser le m oment de la vid\u00e9o auquel l\u2019usager \u00e9tait arriv\u00e9 apr\u00e8s que celle-ci ait \u00e9t\u00e9 lanc\u00e9e puis interrompue (par exemple en ayant perdu la connexion \u00e0 Internet). Ainsi, la vid\u00e9o peut \u00eatre relanc\u00e9e au moment exact o\u00f9 elle avait \u00e9t\u00e9 interrompue.<\/p>\n<p class=\"p3\"><b>En utilisant ce site, l\u2019usager accepte express\u00e9ment le traitement des informations recueillies de la mani\u00e8re et aux fins susmentionn\u00e9es.<\/b><\/p>\n<p class=\"p3\">L\u2019usager a la possibilit\u00e9 de rejeter le traitement de ces donn\u00e9es ou de ces informations en d\u00e9sactivant les cookies par la s\u00e9lection de la configuration pr\u00e9vue \u00e0 cet effet dans son navigateur. Il reconna\u00eet que le choix de bloquer des cookies dans son navigateur peut l\u2019emp\u00eacher d\u2019utiliser pleinement toutes les fonctionnalit\u00e9s du site Internet.<\/p>\n<p class=\"p3\">Vous pouvez autoriser, bloquer ou \u00e9liminer les cookies install\u00e9s sur votre appareil en configurant les options du navigateur install\u00e9 sur votre ordinateur :<\/p>\n<p class=\"p5\"><a href=\"http:\/\/support.google.com\/chrome\/bin\/answer.py?hl=es&amp;answer=95647\">Chrome<\/a><\/p>\n<p class=\"p5\"><a href=\"http:\/\/windows.microsoft.com\/en-US\/internet-explorer\/delete-manage-cookies#ie=ie-11\">Explorer<\/a><\/p>\n<p class=\"p5\"><a href=\"https:\/\/support.mozilla.org\/en-US\/kb\/enable-and-disable-cookies-website-preferences\">Firefox<\/a><\/p>\n<p class=\"p5\"><a href=\"https:\/\/support.apple.com\/kb\/PH21411\">Safari<\/a><\/p>\n<p class=\"p3\">Si vous avez des questions concernant cette politique des cookies, vous pouvez nous contacter \u00e0 l\u2019adresse e-mail suivante: cafescornella@cafescornella.es<\/p>\n","protected":false},"excerpt":{"rendered":"<p>Protection des donn\u00e9s En conformit\u00e9 avec la loi organique 15\/1999 du 13 D\u00e9cembre sur la protection des donn\u00e9es \u00e0 caract\u00e8re personnel ( LOPD ), par le pr\u00e9sent avis, CAF\u00c8S CORNELL\u00c0 informe l&rsquo;utilisateur (\u00ab\u00a0Utilisateur\u00a0\u00bb) des renseignements personnels que vous avez demand\u00e9, de sorte que les utilisateurs peuvent librement et volontairement s&rsquo;ils souhaitent fournir CAF\u00c8S CORNELL\u00c0 donn\u00e9es [&hellip;]<\/p>\n","protected":false},"author":1,"featured_media":0,"parent":0,"menu_order":0,"comment_status":"closed","ping_status":"closed","template":"","meta":{"_acf_changed":false,"om_disable_all_campaigns":false,"_monsterinsights_skip_tracking":false,"_monsterinsights_sitenote_active":false,"_monsterinsights_sitenote_note":"","_monsterinsights_sitenote_category":0,"_uf_show_specific_survey":0,"_uf_disable_surveys":false,"footnotes":""},"class_list":["post-390","page","type-page","status-publish","hentry"],"acf":[],"_links":{"self":[{"href":"https:\/\/passiontea.club\/fr\/wp-json\/wp\/v2\/pages\/390"}],"collection":[{"href":"https:\/\/passiontea.club\/fr\/wp-json\/wp\/v2\/pages"}],"about":[{"href":"https:\/\/passiontea.club\/fr\/wp-json\/wp\/v2\/types\/page"}],"author":[{"embeddable":true,"href":"https:\/\/passiontea.club\/fr\/wp-json\/wp\/v2\/users\/1"}],"replies":[{"embeddable":true,"href":"https:\/\/passiontea.club\/fr\/wp-json\/wp\/v2\/comments?post=390"}],"version-history":[{"count":4,"href":"https:\/\/passiontea.club\/fr\/wp-json\/wp\/v2\/pages\/390\/revisions"}],"predecessor-version":[{"id":542,"href":"https:\/\/passiontea.club\/fr\/wp-json\/wp\/v2\/pages\/390\/revisions\/542"}],"wp:attachment":[{"href":"https:\/\/passiontea.club\/fr\/wp-json\/wp\/v2\/media?parent=390"}],"curies":[{"name":"wp","href":"https:\/\/api.w.org\/{rel}","templated":true}]}}